

{"id":1631,"date":"2021-11-10T11:43:02","date_gmt":"2021-11-10T10:43:02","guid":{"rendered":"https:\/\/www.spk.se\/?page_id=1631"},"modified":"2021-11-16T09:31:45","modified_gmt":"2021-11-16T08:31:45","slug":"complaint-manager","status":"publish","type":"page","link":"https:\/\/www.spk.se\/en\/complaint-manager\/","title":{"rendered":"Complaint manager"},"content":{"rendered":"<p>Complaints<\/p>\n<p>If you are not satisfied with the answer you receive, we may reconsider your case. Please write to SPK:<\/p>\n<p>Complaints manager<\/p>\n<p>Managing Director<\/p>\n<p>SPK<\/p>\n<p>Box 54<\/p>\n<p>101 21 Stockholm<\/p>\n<p>E-post: <a href=\"mailto:klagomalsansvarig@spk.se\">klagomalsansvarig@spk.se<\/a><\/p>\n<p>Describe what you think has gone wrong and who you spoke to in the first place. You can then expect a response within 14 days of our receipt of your complaint.<\/p>\n<p>If you still do not feel able to accept the SPK&#8217;s decision, you can appeal to:<\/p>\n<p>Allm\u00e4nna Reklamationsn\u00e4mnden<\/p>\n<p>Box 174<\/p>\n<p>101 23 STOCKHOLM<\/p>\n<p>ARN hears disputes between private individuals and companies free of charge.<\/p>\n<p><a href=\"https:\/\/www.arn.se\/\" target=\"_blank\" rel=\"noopener\">Read more on the National Board for Consumer Complaint&#8217;s website&gt;&gt;.<\/a><\/p>\n<p>The Swedish Consumers&#8217; Banking and Finance Bureau is an independent advisory service that provides free advice on specific banking and securities matters. Write to:<\/p>\n<p>Konsumenternas F\u00f6rs\u00e4kringsbyr\u00e5<\/p>\n<p>Box 24215<\/p>\n<p>104 51 Stockholm<\/p>\n<p>or telephone +46 (0) 8 22 58 00<\/p>\n<p><a class=\"gron\" href=\"https:\/\/www.konsumenternas.se\/\" target=\"_blank\" rel=\"noopener\">Read more on The Swedish Consumers&#8217; Insurance Bureau&#8217;s website&gt;&gt;.<\/a><\/p>\n<p>Consumer advisors in your municipality also provide advice on household financial and legal issues.<\/p>\n<p>You can also have your case heard by a general court. <a href=\"https:\/\/www.domstol.se\/\" target=\"_blank\" rel=\"noopener\">Read more on the Swedish Courts\u2019 website&gt;&gt;.<\/a><\/p>\n","protected":false},"excerpt":{"rendered":"<p>Complaints If you are not satisfied with the answer you receive, we may reconsider your case. Please write to SPK: Complaints manager Managing Director SPK Box 54 101 21 Stockholm E-post: klagomalsansvarig@spk.se Describe what you think has gone wrong and who you spoke to in the first place. You can then expect a response within [&hellip;]<\/p>\n","protected":false},"author":2,"featured_media":0,"parent":0,"menu_order":20,"comment_status":"closed","ping_status":"closed","template":"","meta":{"_acf_changed":false,"footnotes":""},"class_list":["post-1631","page","type-page","status-publish","hentry"],"acf":[],"_links":{"self":[{"href":"https:\/\/www.spk.se\/en\/wp-json\/wp\/v2\/pages\/1631","targetHints":{"allow":["GET"]}}],"collection":[{"href":"https:\/\/www.spk.se\/en\/wp-json\/wp\/v2\/pages"}],"about":[{"href":"https:\/\/www.spk.se\/en\/wp-json\/wp\/v2\/types\/page"}],"author":[{"embeddable":true,"href":"https:\/\/www.spk.se\/en\/wp-json\/wp\/v2\/users\/2"}],"replies":[{"embeddable":true,"href":"https:\/\/www.spk.se\/en\/wp-json\/wp\/v2\/comments?post=1631"}],"version-history":[{"count":4,"href":"https:\/\/www.spk.se\/en\/wp-json\/wp\/v2\/pages\/1631\/revisions"}],"predecessor-version":[{"id":1755,"href":"https:\/\/www.spk.se\/en\/wp-json\/wp\/v2\/pages\/1631\/revisions\/1755"}],"wp:attachment":[{"href":"https:\/\/www.spk.se\/en\/wp-json\/wp\/v2\/media?parent=1631"}],"curies":[{"name":"wp","href":"https:\/\/api.w.org\/{rel}","templated":true}]}}